{"id":12,"date":"2010-04-30T03:33:59","date_gmt":"2010-04-30T01:33:59","guid":{"rendered":"http:\/\/djalil.chafai.net\/blog\/?page_id=12"},"modified":"2020-03-08T09:40:26","modified_gmt":"2020-03-08T08:40:26","slug":"about-this-blog","status":"publish","type":"page","link":"https:\/\/djalil.chafai.net\/blog\/about-this-blog\/","title":{"rendered":"About this blog"},"content":{"rendered":"<p><a href=\"https:\/\/en.wikipedia.org\/wiki\/Debian\"><img loading=\"lazy\" class=\"aligncenter wp-image-3254\" title=\"Debian GNU\/Linux\" src=\"http:\/\/djalil.chafai.net\/blog\/wp-content\/uploads\/2010\/04\/debian-234x300.png\" alt=\"Debian GNU\/Linux\" width=\"150\" height=\"192\" srcset=\"https:\/\/djalil.chafai.net\/blog\/wp-content\/uploads\/2010\/04\/debian-234x300.png 234w, https:\/\/djalil.chafai.net\/blog\/wp-content\/uploads\/2010\/04\/debian.png 750w\" sizes=\"(max-width: 150px) 100vw, 150px\" \/><\/a><\/p>\n<p style=\"text-align: justify;\"><strong>In English.<\/strong> This modest recreational blog is mostly written for amateur and professional mathematicians. Who am I? Take a look at my <a title=\"http:\/\/djalil.chafai.net\/\" href=\"http:\/\/djalil.chafai.net\/\">home page<\/a>. Why maintaining a time consuming blog? I like to freely write my thoughts on various subjects. Writing provides me intellectual and esthetic satisfaction, and using a blog allows to share with others. You may follow this blog by using an <a href=\"http:\/\/djalil.chafai.net\/blog\/feed\/\">RSS feed<\/a> or by <a href=\"\/blog\/wp-login.php?action=register\">registering<\/a>.<\/p>\n<p style=\"text-align: justify;\" title=\"Linux - Apache - MySQL - PHP\"><strong>En fran\u00e7ais.<\/strong> Ce modeste blog r\u00e9cr\u00e9atif est surtout \u00e9crit pour les math\u00e9maticiens, amateurs et professionnels. Qui suis-je ? Allez voir ma <a title=\"http:\/\/djalil.chafai.net\/\" href=\"http:\/\/djalil.chafai.net\/\">page personnelle<\/a>. Pourquoi tenir un blog chronophage ? J'aime \u00e9crire librement mes pens\u00e9es sur des sujets divers. L'\u00e9criture m'apporte une satisfaction intellectuelle et esth\u00e9tique, et utiliser un blog permet de partager avec autrui. Vous pouvez suivre ce blog en utilisant un <a href=\"http:\/\/djalil.chafai.net\/blog\/feed\/\">flux RSS<\/a> ou en vous <a href=\"\/blog\/wp-login.php?action=register\">enregistrant<\/a>.<\/p>\n<p title=\"Linux - Apache - MySQL - PHP\"><a href=\"https:\/\/en.wikipedia.org\/wiki\/Ubuntu\"><img loading=\"lazy\" class=\"aligncenter wp-image-12412\" title=\"Ubuntu GNU\/Linux\" src=\"http:\/\/djalil.chafai.net\/blog\/wp-content\/uploads\/2020\/03\/ubuntu-80x80.png\" alt=\"Ubuntu GNU\/Linux\" width=\"150\" height=\"150\" srcset=\"https:\/\/djalil.chafai.net\/blog\/wp-content\/uploads\/2020\/03\/ubuntu-80x80.png 80w, https:\/\/djalil.chafai.net\/blog\/wp-content\/uploads\/2020\/03\/ubuntu-300x300.png 300w, https:\/\/djalil.chafai.net\/blog\/wp-content\/uploads\/2020\/03\/ubuntu-150x150.png 150w, https:\/\/djalil.chafai.net\/blog\/wp-content\/uploads\/2020\/03\/ubuntu.png 570w\" sizes=\"(max-width: 150px) 100vw, 150px\" \/><\/a><\/p>\n","protected":false},"excerpt":{"rendered":"<p>In English. This modest recreational blog is mostly written for amateur and professional mathematicians. Who am I? Take a look at my home page. Why&#8230;<\/p>\n<div class=\"more-link-wrapper\"><a class=\"more-link\" href=\"https:\/\/djalil.chafai.net\/blog\/about-this-blog\/\">Continue reading<span class=\"screen-reader-text\">About this blog<\/span><\/a><\/div>\n","protected":false},"author":1,"featured_media":0,"parent":0,"menu_order":0,"comment_status":"open","ping_status":"open","template":"","meta":{"iawp_total_views":1639},"_links":{"self":[{"href":"https:\/\/djalil.chafai.net\/blog\/wp-json\/wp\/v2\/pages\/12"}],"collection":[{"href":"https:\/\/djalil.chafai.net\/blog\/wp-json\/wp\/v2\/pages"}],"about":[{"href":"https:\/\/djalil.chafai.net\/blog\/wp-json\/wp\/v2\/types\/page"}],"author":[{"embeddable":true,"href":"https:\/\/djalil.chafai.net\/blog\/wp-json\/wp\/v2\/users\/1"}],"replies":[{"embeddable":true,"href":"https:\/\/djalil.chafai.net\/blog\/wp-json\/wp\/v2\/comments?post=12"}],"version-history":[{"count":173,"href":"https:\/\/djalil.chafai.net\/blog\/wp-json\/wp\/v2\/pages\/12\/revisions"}],"predecessor-version":[{"id":12416,"href":"https:\/\/djalil.chafai.net\/blog\/wp-json\/wp\/v2\/pages\/12\/revisions\/12416"}],"wp:attachment":[{"href":"https:\/\/djalil.chafai.net\/blog\/wp-json\/wp\/v2\/media?parent=12"}],"curies":[{"name":"wp","href":"https:\/\/api.w.org\/{rel}","templated":true}]}}